{"id":23,"date":"2026-02-08T15:58:53","date_gmt":"2026-02-08T15:58:53","guid":{"rendered":"https:\/\/nysajt.avantinkasso.se\/startsida\/"},"modified":"2026-03-31T10:56:26","modified_gmt":"2026-03-31T10:56:26","slug":"startsida","status":"publish","type":"page","link":"https:\/\/nysajt.avantinkasso.se\/en\/","title":{"rendered":"Startsida"},"content":{"rendered":"<div class=\"wp-block-group alignfull is-style-ext-preset--group--natural-1--section has-background-background-color has-background has-global-padding is-layout-constrained wp-container-core-group-is-layout-3a3c7119 wp-block-group-is-layout-constrained is-style-ext-preset--group--natural-1--section--1\" style=\"margin-top:0;margin-bottom:0;padding-top:var(--wp--preset--spacing--50);padding-bottom:var(--wp--preset--spacing--70)\">\n<div class=\"wp-block-group alignwide is-vertical is-layout-flex wp-container-core-group-is-layout-c35747d5 wp-block-group-is-layout-flex\">\n<div class=\"wp-block-group has-global-padding is-layout-constrained wp-container-core-group-is-layout-dd32767c wp-block-group-is-layout-constrained\">\n<h1 class=\"wp-block-heading\">The specialist in proactive individual management of unpaid claims<\/h1>\n<\/div>\n<\/div>\n\n\n\n<div class=\"wp-block-group alignwide is-vertical is-layout-flex wp-container-core-group-is-layout-c35747d5 wp-block-group-is-layout-flex\">\n<div class=\"wp-block-group has-global-padding is-layout-constrained wp-container-core-group-is-layout-dd32767c wp-block-group-is-layout-constrained\">\n<p>Avant Inkasso AB offers customized debt collection, making us your first choice for reliable and committed service. We have over thirty years of experience in the industry.<\/p>\n<\/div>\n\n\n\n<div class=\"wp-block-buttons is-layout-flex wp-block-buttons-is-layout-flex\">\n<div class=\"wp-block-button is-style-ext-preset--button--natural-1--button-1 is-style-ext-preset--button--natural-1--button-1--2\"><a class=\"wp-block-button__link wp-element-button\" href=\"https:\/\/nysajt.avantinkasso.se\/en\/tjanster\/\">Read more<\/a><\/div>\n<\/div>\n<\/div>\n<\/div>\n\n\n\n<div class=\"wp-block-group alignfull is-style-ext-preset--group--natural-1--section has-tertiary-background-color has-background has-global-padding is-layout-constrained wp-container-core-group-is-layout-e955bbaf wp-block-group-is-layout-constrained is-style-ext-preset--group--natural-1--section--3\" style=\"margin-top:0;margin-bottom:0;padding-top:var(--wp--preset--spacing--70);padding-bottom:var(--wp--preset--spacing--70)\">\n<div class=\"wp-block-group alignwide is-vertical is-content-justification-center is-layout-flex wp-container-core-group-is-layout-c9ee0c5a wp-block-group-is-layout-flex\">\n<div class=\"wp-block-group has-global-padding is-layout-constrained wp-container-core-group-is-layout-5e05634a wp-block-group-is-layout-constrained\">\n<h2 class=\"wp-block-heading has-text-align-center\">Why choose us?<\/h2>\n\n\n\n<p class=\"has-text-align-center\">Avant Inkasso AB offers customized debt collection management with a focus on individual needs and legal expertise.<\/p>\n<\/div>\n<\/div>\n\n\n\n<div class=\"wp-block-columns alignwide is-layout-flex wp-container-core-columns-is-layout-08c01c1c wp-block-columns-is-layout-flex\">\n<div class=\"wp-block-column is-vertically-aligned-stretch is-layout-flow wp-container-core-column-is-layout-f5bb311e wp-block-column-is-layout-flow\">\n<div class=\"wp-block-group is-style-ext-preset--group--natural-1--item-card-1--align-center has-global-padding is-layout-constrained wp-block-group-is-layout-constrained is-style-ext-preset--group--natural-1--item-card-1--align-center--4\">\n<figure class=\"wp-block-image aligncenter size-large ext-aspect-landscape\"><img loading=\"lazy\" decoding=\"async\" width=\"1440\" height=\"960\" src=\"https:\/\/nysajt.avantinkasso.se\/wp-content\/uploads\/2026\/02\/ca69cdf3a52f691e08d19694668b082076454935.jpg\" alt=\"\" class=\"wp-image-40\" style=\"aspect-ratio:4\/3;object-fit:cover\" srcset=\"https:\/\/nysajt.avantinkasso.se\/wp-content\/uploads\/2026\/02\/ca69cdf3a52f691e08d19694668b082076454935.jpg 1440w, https:\/\/nysajt.avantinkasso.se\/wp-content\/uploads\/2026\/02\/ca69cdf3a52f691e08d19694668b082076454935-300x200.jpg 300w, https:\/\/nysajt.avantinkasso.se\/wp-content\/uploads\/2026\/02\/ca69cdf3a52f691e08d19694668b082076454935-1024x683.jpg 1024w, https:\/\/nysajt.avantinkasso.se\/wp-content\/uploads\/2026\/02\/ca69cdf3a52f691e08d19694668b082076454935-768x512.jpg 768w, https:\/\/nysajt.avantinkasso.se\/wp-content\/uploads\/2026\/02\/ca69cdf3a52f691e08d19694668b082076454935-18x12.jpg 18w\" sizes=\"auto, (max-width: 1440px) 100vw, 1440px\" \/><\/figure>\n\n\n\n<div class=\"wp-block-group is-style-default has-global-padding is-layout-constrained wp-block-group-is-layout-constrained\">\n<h3 class=\"wp-block-heading has-text-align-center\">Tailored debt collection<\/h3>\n\n\n\n<p class=\"has-text-align-center\">We work closely with each client to create active and customized debt collection strategies that ensure the best possible results and relationships.<\/p>\n<\/div>\n<\/div>\n<\/div>\n\n\n\n<div class=\"wp-block-column is-vertically-aligned-stretch is-layout-flow wp-container-core-column-is-layout-f5bb311e wp-block-column-is-layout-flow\">\n<div class=\"wp-block-group is-style-ext-preset--group--natural-1--item-card-1--align-center has-global-padding is-layout-constrained wp-block-group-is-layout-constrained is-style-ext-preset--group--natural-1--item-card-1--align-center--5\">\n<figure class=\"wp-block-image aligncenter size-large ext-aspect-landscape\"><img loading=\"lazy\" decoding=\"async\" width=\"1440\" height=\"960\" src=\"https:\/\/nysajt.avantinkasso.se\/wp-content\/uploads\/2026\/02\/fc3ba99cfbde4d55878f84235d1f9ca775fbc297.jpg\" alt=\"\" class=\"wp-image-55\" style=\"aspect-ratio:4\/3;object-fit:cover\" srcset=\"https:\/\/nysajt.avantinkasso.se\/wp-content\/uploads\/2026\/02\/fc3ba99cfbde4d55878f84235d1f9ca775fbc297.jpg 1440w, https:\/\/nysajt.avantinkasso.se\/wp-content\/uploads\/2026\/02\/fc3ba99cfbde4d55878f84235d1f9ca775fbc297-300x200.jpg 300w, https:\/\/nysajt.avantinkasso.se\/wp-content\/uploads\/2026\/02\/fc3ba99cfbde4d55878f84235d1f9ca775fbc297-1024x683.jpg 1024w, https:\/\/nysajt.avantinkasso.se\/wp-content\/uploads\/2026\/02\/fc3ba99cfbde4d55878f84235d1f9ca775fbc297-768x512.jpg 768w, https:\/\/nysajt.avantinkasso.se\/wp-content\/uploads\/2026\/02\/fc3ba99cfbde4d55878f84235d1f9ca775fbc297-18x12.jpg 18w\" sizes=\"auto, (max-width: 1440px) 100vw, 1440px\" \/><\/figure>\n\n\n\n<div class=\"wp-block-group is-style-default has-global-padding is-layout-constrained wp-block-group-is-layout-constrained\">\n<h3 class=\"wp-block-heading has-text-align-center\">Flexible<\/h3>\n\n\n\n<p class=\"has-text-align-center\">We work with rational procedures, but without mass management and unnecessary standard letters.<\/p>\n<\/div>\n<\/div>\n<\/div>\n\n\n\n<div class=\"wp-block-column is-vertically-aligned-stretch is-layout-flow wp-container-core-column-is-layout-f5bb311e wp-block-column-is-layout-flow\">\n<div class=\"wp-block-group is-style-ext-preset--group--natural-1--item-card-1--align-center has-global-padding is-layout-constrained wp-block-group-is-layout-constrained is-style-ext-preset--group--natural-1--item-card-1--align-center--6\">\n<figure class=\"wp-block-image aligncenter size-large ext-aspect-landscape\"><img loading=\"lazy\" decoding=\"async\" width=\"1440\" height=\"810\" src=\"https:\/\/nysajt.avantinkasso.se\/wp-content\/uploads\/2026\/02\/fd6a50736d2327756de81bc487693bc6627a9640.jpg\" alt=\"\" class=\"wp-image-30\" style=\"aspect-ratio:4\/3;object-fit:cover\" srcset=\"https:\/\/nysajt.avantinkasso.se\/wp-content\/uploads\/2026\/02\/fd6a50736d2327756de81bc487693bc6627a9640.jpg 1440w, https:\/\/nysajt.avantinkasso.se\/wp-content\/uploads\/2026\/02\/fd6a50736d2327756de81bc487693bc6627a9640-300x169.jpg 300w, https:\/\/nysajt.avantinkasso.se\/wp-content\/uploads\/2026\/02\/fd6a50736d2327756de81bc487693bc6627a9640-1024x576.jpg 1024w, https:\/\/nysajt.avantinkasso.se\/wp-content\/uploads\/2026\/02\/fd6a50736d2327756de81bc487693bc6627a9640-768x432.jpg 768w, https:\/\/nysajt.avantinkasso.se\/wp-content\/uploads\/2026\/02\/fd6a50736d2327756de81bc487693bc6627a9640-18x10.jpg 18w\" sizes=\"auto, (max-width: 1440px) 100vw, 1440px\" \/><\/figure>\n\n\n\n<div class=\"wp-block-group is-style-default has-global-padding is-layout-constrained wp-block-group-is-layout-constrained\">\n<h3 class=\"wp-block-heading\">Effective communication<\/h3>\n\n\n\n<p class=\"has-text-align-center\">We prioritize clear and personal dialogue to facilitate collaboration and maximize the chances of successful debt collection management.<\/p>\n<\/div>\n<\/div>\n<\/div>\n<\/div>\n\n\n\n<div class=\"wp-block-buttons is-content-justification-center is-layout-flex wp-container-core-buttons-is-layout-a89b3969 wp-block-buttons-is-layout-flex\">\n<div class=\"wp-block-button is-style-ext-preset--button--natural-1--button-1 is-style-ext-preset--button--natural-1--button-1--7\"><a class=\"wp-block-button__link wp-element-button\" href=\"https:\/\/nysajt.avantinkasso.se\/en\/vart-arbetssatt\/\">Read more<\/a><\/div>\n<\/div>\n<\/div>\n\n\n\n<div class=\"wp-block-group alignfull is-style-ext-preset--group--natural-1--section has-background-background-color has-background has-global-padding is-layout-constrained wp-container-core-group-is-layout-e955bbaf wp-block-group-is-layout-constrained is-style-ext-preset--group--natural-1--section--8\" id=\"funktioner\" style=\"margin-top:0;margin-bottom:0;padding-top:var(--wp--preset--spacing--70);padding-bottom:var(--wp--preset--spacing--70)\">\n<div class=\"wp-block-group alignwide is-vertical is-content-justification-center is-layout-flex wp-container-core-group-is-layout-c9ee0c5a wp-block-group-is-layout-flex\">\n<div class=\"wp-block-group has-global-padding is-layout-constrained wp-container-core-group-is-layout-2287c683 wp-block-group-is-layout-constrained\">\n<h2 class=\"wp-block-heading has-text-align-center\">Our services in selection<\/h2>\n\n\n\n<p class=\"has-text-align-center\">Discover our tailored and efficient services that make Avant Inkasso AB your trusted choice for legal debt collection.<\/p>\n<\/div>\n<\/div>\n\n\n\n<div class=\"wp-block-columns alignwide is-layout-flex wp-container-core-columns-is-layout-08c01c1c wp-block-columns-is-layout-flex\">\n<div class=\"wp-block-column is-layout-flow wp-block-column-is-layout-flow\">\n<div class=\"wp-block-group is-style-ext-preset--group--natural-1--item-card-1--align-center has-global-padding is-layout-constrained wp-block-group-is-layout-constrained is-style-ext-preset--group--natural-1--item-card-1--align-center--9\">\n<figure class=\"wp-block-image\"><img loading=\"lazy\" decoding=\"async\" width=\"1440\" height=\"1129\" src=\"https:\/\/nysajt.avantinkasso.se\/wp-content\/uploads\/2026\/02\/9e92e8a5502c49da602069efbf892159b716ba42.jpg\" alt=\"\" class=\"wp-image-33\" style=\"aspect-ratio:4\/3;object-fit:cover\" srcset=\"https:\/\/nysajt.avantinkasso.se\/wp-content\/uploads\/2026\/02\/9e92e8a5502c49da602069efbf892159b716ba42.jpg 1440w, https:\/\/nysajt.avantinkasso.se\/wp-content\/uploads\/2026\/02\/9e92e8a5502c49da602069efbf892159b716ba42-300x235.jpg 300w, https:\/\/nysajt.avantinkasso.se\/wp-content\/uploads\/2026\/02\/9e92e8a5502c49da602069efbf892159b716ba42-1024x803.jpg 1024w, https:\/\/nysajt.avantinkasso.se\/wp-content\/uploads\/2026\/02\/9e92e8a5502c49da602069efbf892159b716ba42-768x602.jpg 768w, https:\/\/nysajt.avantinkasso.se\/wp-content\/uploads\/2026\/02\/9e92e8a5502c49da602069efbf892159b716ba42-15x12.jpg 15w\" sizes=\"auto, (max-width: 1440px) 100vw, 1440px\" \/><\/figure>\n\n\n\n<div class=\"wp-block-group is-style-default has-global-padding is-layout-constrained wp-block-group-is-layout-constrained\">\n<h3 class=\"wp-block-heading has-text-align-center\">Collection in Sweden<\/h3>\n\n\n\n<p class=\"has-text-align-center\">Tailored and active debt collection in Sweden.<\/p>\n<\/div>\n<\/div>\n<\/div>\n\n\n\n<div class=\"wp-block-column is-layout-flow wp-block-column-is-layout-flow\">\n<div class=\"wp-block-group is-style-ext-preset--group--natural-1--item-card-1--align-center has-global-padding is-layout-constrained wp-block-group-is-layout-constrained is-style-ext-preset--group--natural-1--item-card-1--align-center--10\">\n<figure class=\"wp-block-image\"><img loading=\"lazy\" decoding=\"async\" width=\"1440\" height=\"960\" src=\"https:\/\/nysajt.avantinkasso.se\/wp-content\/uploads\/2026\/02\/7da8f15a9cf07d9860e6e1d961731b8d51445c6e.jpg\" alt=\"\" class=\"wp-image-56\" style=\"aspect-ratio:4\/3;object-fit:cover\" srcset=\"https:\/\/nysajt.avantinkasso.se\/wp-content\/uploads\/2026\/02\/7da8f15a9cf07d9860e6e1d961731b8d51445c6e.jpg 1440w, https:\/\/nysajt.avantinkasso.se\/wp-content\/uploads\/2026\/02\/7da8f15a9cf07d9860e6e1d961731b8d51445c6e-300x200.jpg 300w, https:\/\/nysajt.avantinkasso.se\/wp-content\/uploads\/2026\/02\/7da8f15a9cf07d9860e6e1d961731b8d51445c6e-1024x683.jpg 1024w, https:\/\/nysajt.avantinkasso.se\/wp-content\/uploads\/2026\/02\/7da8f15a9cf07d9860e6e1d961731b8d51445c6e-768x512.jpg 768w, https:\/\/nysajt.avantinkasso.se\/wp-content\/uploads\/2026\/02\/7da8f15a9cf07d9860e6e1d961731b8d51445c6e-18x12.jpg 18w\" sizes=\"auto, (max-width: 1440px) 100vw, 1440px\" \/><\/figure>\n\n\n\n<div class=\"wp-block-group is-style-default has-global-padding is-layout-constrained wp-block-group-is-layout-constrained\">\n<h3 class=\"wp-block-heading has-text-align-center\">International debt collection<\/h3>\n\n\n\n<p class=\"has-text-align-center\">At Avant Inkasso we have extensive experience of recovering claims abroad.<\/p>\n<\/div>\n<\/div>\n<\/div>\n\n\n\n<div class=\"wp-block-column is-layout-flow wp-block-column-is-layout-flow\">\n<div class=\"wp-block-group is-style-ext-preset--group--natural-1--item-card-1--align-center has-global-padding is-layout-constrained wp-block-group-is-layout-constrained is-style-ext-preset--group--natural-1--item-card-1--align-center--11\">\n<figure class=\"wp-block-image\"><img loading=\"lazy\" decoding=\"async\" width=\"1440\" height=\"960\" src=\"https:\/\/nysajt.avantinkasso.se\/wp-content\/uploads\/2026\/02\/fc3ba99cfbde4d55878f84235d1f9ca775fbc297.jpg\" alt=\"\" class=\"wp-image-55\" style=\"aspect-ratio:4\/3;object-fit:cover\" srcset=\"https:\/\/nysajt.avantinkasso.se\/wp-content\/uploads\/2026\/02\/fc3ba99cfbde4d55878f84235d1f9ca775fbc297.jpg 1440w, https:\/\/nysajt.avantinkasso.se\/wp-content\/uploads\/2026\/02\/fc3ba99cfbde4d55878f84235d1f9ca775fbc297-300x200.jpg 300w, https:\/\/nysajt.avantinkasso.se\/wp-content\/uploads\/2026\/02\/fc3ba99cfbde4d55878f84235d1f9ca775fbc297-1024x683.jpg 1024w, https:\/\/nysajt.avantinkasso.se\/wp-content\/uploads\/2026\/02\/fc3ba99cfbde4d55878f84235d1f9ca775fbc297-768x512.jpg 768w, https:\/\/nysajt.avantinkasso.se\/wp-content\/uploads\/2026\/02\/fc3ba99cfbde4d55878f84235d1f9ca775fbc297-18x12.jpg 18w\" sizes=\"auto, (max-width: 1440px) 100vw, 1440px\" \/><\/figure>\n\n\n\n<div class=\"wp-block-group is-style-default has-global-padding is-layout-constrained wp-block-group-is-layout-constrained\">\n<h3 class=\"wp-block-heading has-text-align-center\">Legal debt collection<\/h3>\n\n\n\n<p class=\"has-text-align-center\">We help you with litigation and bankruptcies.<\/p>\n<\/div>\n<\/div>\n<\/div>\n<\/div>\n\n\n\n<div class=\"wp-block-buttons is-content-justification-center is-layout-flex wp-container-core-buttons-is-layout-a89b3969 wp-block-buttons-is-layout-flex\">\n<div class=\"wp-block-button is-style-ext-preset--button--natural-1--button-1 is-style-ext-preset--button--natural-1--button-1--12\"><a class=\"wp-block-button__link wp-element-button\" href=\"https:\/\/nysajt.avantinkasso.se\/en\/tjanster\/\">Read more<\/a><\/div>\n<\/div>\n<\/div>\n\n\n\n<div class=\"wp-block-group alignfull is-style-ext-preset--group--natural-1--section has-tertiary-background-color has-background has-global-padding is-layout-constrained wp-block-group-is-layout-constrained is-style-ext-preset--group--natural-1--section--13\" id=\"kontakt\" style=\"margin-top:0;margin-bottom:0;padding-top:var(--wp--preset--spacing--70);padding-bottom:var(--wp--preset--spacing--70)\">\n<div class=\"wp-block-media-text alignwide has-media-on-the-right is-stacked-on-mobile is-image-fill-element is-style-ext-preset--media-text--natural-1--card-1 has-background-background-color has-background is-style-ext-preset--media-text--natural-1--card-1--14\" style=\"grid-template-columns:auto 48%\"><div class=\"wp-block-media-text__content\">\n<div class=\"wp-block-group alignwide has-global-padding is-layout-constrained wp-container-core-group-is-layout-48493932 wp-block-group-is-layout-constrained\" style=\"padding-top:var(--wp--preset--spacing--55);padding-right:var(--wp--preset--spacing--55);padding-bottom:var(--wp--preset--spacing--55);padding-left:var(--wp--preset--spacing--55)\"><div class=\"wpforms-container wpforms-block wpforms-block-406c62bf-d413-4f54-9e34-6ea96a36e1dd wpforms-render-modern\" id=\"wpforms-15\"><form id=\"wpforms-form-15\" class=\"wpforms-validate wpforms-form wpforms-ajax-form\" data-formid=\"15\" method=\"post\" enctype=\"multipart\/form-data\" action=\"\/en\/wp-json\/wp\/v2\/pages\/23\" data-token=\"eb43ea39f261d0fb47789f95a73651fe\" data-token-time=\"1776598578\" data-trp-original-action=\"\/en\/wp-json\/wp\/v2\/pages\/23\"><noscript class=\"wpforms-error-noscript\">Please enable JavaScript in your browser to complete this form.<\/noscript><div id=\"wpforms-error-noscript\" style=\"display: none;\">Please enable JavaScript in your browser to complete this form.<\/div><div class=\"wpforms-field-container\"><div id=\"wpforms-15-field_1-container\" class=\"wpforms-field wpforms-field-name\" data-field-id=\"1\"><label class=\"wpforms-field-label\" for=\"wpforms-15-field_1\">Name <span class=\"wpforms-required-label\" aria-hidden=\"true\">*<\/span><\/label><input type=\"text\" id=\"wpforms-15-field_1\" class=\"wpforms-field-large wpforms-field-required\" name=\"wpforms[fields][1]\" aria-errormessage=\"wpforms-15-field_1-error\" required><\/div>\t\t<div id=\"wpforms-15-field_5-container\"\n\t\t\tclass=\"wpforms-field wpforms-field-text\"\n\t\t\tdata-field-type=\"text\"\n\t\t\tdata-field-id=\"5\"\n\t\t\t>\n\t\t\t<label class=\"wpforms-field-label\" for=\"wpforms-15-field_5\" >Meddelande \u00c4mne E-post<\/label>\n\t\t\t<input type=\"text\" id=\"wpforms-15-field_5\" class=\"wpforms-field-medium\" name=\"wpforms[fields][5]\" >\n\t\t<\/div>\n\t\t<div id=\"wpforms-15-field_2-container\" class=\"wpforms-field wpforms-field-email\" data-field-id=\"2\"><label class=\"wpforms-field-label\" for=\"wpforms-15-field_2\">E-mail <span class=\"wpforms-required-label\" aria-hidden=\"true\">*<\/span><\/label><input type=\"email\" id=\"wpforms-15-field_2\" class=\"wpforms-field-large wpforms-field-required\" name=\"wpforms[fields][2]\" spellcheck=\"false\" aria-errormessage=\"wpforms-15-field_2-error\" required><\/div><div id=\"wpforms-15-field_3-container\" class=\"wpforms-field wpforms-field-text\" data-field-id=\"3\"><label class=\"wpforms-field-label\" for=\"wpforms-15-field_3\">Subject<\/label><input type=\"text\" id=\"wpforms-15-field_3\" class=\"wpforms-field-large\" name=\"wpforms[fields][3]\" aria-errormessage=\"wpforms-15-field_3-error\" ><\/div><div id=\"wpforms-15-field_4-container\" class=\"wpforms-field wpforms-field-textarea\" data-field-id=\"4\"><label class=\"wpforms-field-label\" for=\"wpforms-15-field_4\">Message <span class=\"wpforms-required-label\" aria-hidden=\"true\">*<\/span><\/label><textarea id=\"wpforms-15-field_4\" class=\"wpforms-field-large wpforms-field-required\" name=\"wpforms[fields][4]\" aria-errormessage=\"wpforms-15-field_4-error\" required><\/textarea><\/div><script>\n\t\t\t\t( function() {\n\t\t\t\t\tconst style = document.createElement( 'style' );\n\t\t\t\t\tstyle.appendChild( document.createTextNode( '#wpforms-15-field_5-container { position: absolute !important; overflow: hidden !important; display: inline !important; height: 1px !important; width: 1px !important; z-index: -1000 !important; padding: 0 !important; } #wpforms-15-field_5-container input { visibility: hidden; } #wpforms-conversational-form-page #wpforms-15-field_5-container label { counter-increment: none; }' ) );\n\t\t\t\t\tdocument.head.appendChild( style );\n\t\t\t\t\tdocument.currentScript?.remove();\n\t\t\t\t} )();\n\t\t\t<\/script><\/div><!-- .wpforms-field-container --><div class=\"wpforms-submit-container\" ><input type=\"hidden\" name=\"wpforms[id]\" value=\"15\"><input type=\"hidden\" name=\"page_title\" value=\"\"><input type=\"hidden\" name=\"page_url\" value=\"https:\/\/nysajt.avantinkasso.se\/en\/wp-json\/wp\/v2\/pages\/23\"><input type=\"hidden\" name=\"url_referer\" value=\"\"><button type=\"submit\" name=\"wpforms[submit]\" id=\"wpforms-submit-15\" class=\"wpforms-submit\" data-alt-text=\"Skickar \u2026\" data-submit-text=\"Skicka\" aria-live=\"assertive\" value=\"wpforms-submit\">Send<\/button><img loading=\"lazy\" decoding=\"async\" src=\"https:\/\/nysajt.avantinkasso.se\/wp-content\/plugins\/wpforms-lite\/assets\/images\/submit-spin.svg\" class=\"wpforms-submit-spinner\" style=\"display: none;\" width=\"26\" height=\"26\" alt=\"Loading\"><\/div><input type=\"hidden\" name=\"trp-form-language\" value=\"en\"\/><\/form><\/div>  <!-- .wpforms-container --><\/div>\n<\/div><figure class=\"wp-block-media-text__media\"><img loading=\"lazy\" decoding=\"async\" width=\"1440\" height=\"960\" src=\"https:\/\/nysajt.avantinkasso.se\/wp-content\/uploads\/2026\/02\/ca69cdf3a52f691e08d19694668b082076454935.jpg\" alt=\"\" class=\"wp-image-40 size-full\" style=\"object-position:50% 50%\" srcset=\"https:\/\/nysajt.avantinkasso.se\/wp-content\/uploads\/2026\/02\/ca69cdf3a52f691e08d19694668b082076454935.jpg 1440w, https:\/\/nysajt.avantinkasso.se\/wp-content\/uploads\/2026\/02\/ca69cdf3a52f691e08d19694668b082076454935-300x200.jpg 300w, https:\/\/nysajt.avantinkasso.se\/wp-content\/uploads\/2026\/02\/ca69cdf3a52f691e08d19694668b082076454935-1024x683.jpg 1024w, https:\/\/nysajt.avantinkasso.se\/wp-content\/uploads\/2026\/02\/ca69cdf3a52f691e08d19694668b082076454935-768x512.jpg 768w, https:\/\/nysajt.avantinkasso.se\/wp-content\/uploads\/2026\/02\/ca69cdf3a52f691e08d19694668b082076454935-18x12.jpg 18w\" sizes=\"auto, (max-width: 1440px) 100vw, 1440px\" \/><\/figure><\/div>\n<\/div>","protected":false},"excerpt":{"rendered":"<p>Specialisten p\u00e5 aktiv och individuell handl\u00e4ggning Avant Inkasso AB erbjuder skr\u00e4ddarsydd inkassohantering med fokus p\u00e5 individuella behov och juridiska tvister, vilket g\u00f6r oss till ditt sj\u00e4lvklara val f\u00f6r p\u00e5litlig och engagerad service. Vi har \u00f6ver trettio \u00e5rs erfarenhet i branschen. Varf\u00f6r anlita oss? Avant Inkasso AB erbjuder personliga och effektiva inkassotj\u00e4nster med fokus p\u00e5 individuella [&hellip;]<\/p>","protected":false},"author":1,"featured_media":0,"parent":0,"menu_order":0,"comment_status":"closed","ping_status":"closed","template":"no-title","meta":{"_monsterinsights_skip_tracking":false,"_monsterinsights_sitenote_active":false,"_monsterinsights_sitenote_note":"","_monsterinsights_sitenote_category":0,"footnotes":""},"class_list":["post-23","page","type-page","status-publish","hentry"],"aioseo_notices":[],"_links":{"self":[{"href":"https:\/\/nysajt.avantinkasso.se\/en\/wp-json\/wp\/v2\/pages\/23","targetHints":{"allow":["GET"]}}],"collection":[{"href":"https:\/\/nysajt.avantinkasso.se\/en\/wp-json\/wp\/v2\/pages"}],"about":[{"href":"https:\/\/nysajt.avantinkasso.se\/en\/wp-json\/wp\/v2\/types\/page"}],"author":[{"embeddable":true,"href":"https:\/\/nysajt.avantinkasso.se\/en\/wp-json\/wp\/v2\/users\/1"}],"replies":[{"embeddable":true,"href":"https:\/\/nysajt.avantinkasso.se\/en\/wp-json\/wp\/v2\/comments?post=23"}],"version-history":[{"count":9,"href":"https:\/\/nysajt.avantinkasso.se\/en\/wp-json\/wp\/v2\/pages\/23\/revisions"}],"predecessor-version":[{"id":144,"href":"https:\/\/nysajt.avantinkasso.se\/en\/wp-json\/wp\/v2\/pages\/23\/revisions\/144"}],"wp:attachment":[{"href":"https:\/\/nysajt.avantinkasso.se\/en\/wp-json\/wp\/v2\/media?parent=23"}],"curies":[{"name":"wp","href":"https:\/\/api.w.org\/{rel}","templated":true}]}}