{"id":3,"date":"2026-02-08T15:44:39","date_gmt":"2026-02-08T15:44:39","guid":{"rendered":"https:\/\/nysajt.avantinkasso.se\/?page_id=3"},"modified":"2026-03-31T11:46:00","modified_gmt":"2026-03-31T11:46:00","slug":"privacy-policy","status":"publish","type":"page","link":"https:\/\/nysajt.avantinkasso.se\/en\/privacy-policy\/","title":{"rendered":"Privacy Policy"},"content":{"rendered":"<h2 class=\"wp-block-heading\">Data protection policy<\/h2>\n\n\n\n<p>All information that can be used to identify an individual, such as name, address and social security number, are deemed personally identifiable. We use such information in debt collection activities undertaken on behalf of our customers. Appropriate measures are taken to secure your personally identifiable information. All data protection regulations are adhered to and our internal policies ensure appropriate handling of information at all times.<\/p>\n\n\n\n<p>Your personally identifiable information is stored in a database accessible only by us. All your information will be deleted within a one-year period from when your debt is collected.<\/p>\n\n\n\n<p>The party responsible for proper handling of your personally identifiable information is Avant Inkasso AB, 556483-5824 Starrb\u00e4cksgatan 172 74 Sundyberg<\/p>","protected":false},"excerpt":{"rendered":"<p>Integritetspolicy Personuppgifter \u00e4r all information som kan anv\u00e4ndas f\u00f6r att identifiera en enskild person, tex namn adress och personnummer. Syftet med den behandling av personuppgifter som f\u00f6rekommer hos oss \u00e4r att driva in fordringar \u00e5t v\u00e5ra kunder. Vi vidtar \u00e5tg\u00e4rder f\u00f6r att s\u00e4kerst\u00e4lla att dina personuppgifter \u00e4r skyddade hos oss, behandlingen av dem f\u00f6ljer alltid [&hellip;]<\/p>","protected":false},"author":1,"featured_media":0,"parent":0,"menu_order":0,"comment_status":"closed","ping_status":"closed","template":"no-title","meta":{"_monsterinsights_skip_tracking":false,"_monsterinsights_sitenote_active":false,"_monsterinsights_sitenote_note":"","_monsterinsights_sitenote_category":0,"footnotes":""},"class_list":["post-3","page","type-page","status-publish","hentry"],"aioseo_notices":[],"_links":{"self":[{"href":"https:\/\/nysajt.avantinkasso.se\/en\/wp-json\/wp\/v2\/pages\/3","targetHints":{"allow":["GET"]}}],"collection":[{"href":"https:\/\/nysajt.avantinkasso.se\/en\/wp-json\/wp\/v2\/pages"}],"about":[{"href":"https:\/\/nysajt.avantinkasso.se\/en\/wp-json\/wp\/v2\/types\/page"}],"author":[{"embeddable":true,"href":"https:\/\/nysajt.avantinkasso.se\/en\/wp-json\/wp\/v2\/users\/1"}],"replies":[{"embeddable":true,"href":"https:\/\/nysajt.avantinkasso.se\/en\/wp-json\/wp\/v2\/comments?post=3"}],"version-history":[{"count":2,"href":"https:\/\/nysajt.avantinkasso.se\/en\/wp-json\/wp\/v2\/pages\/3\/revisions"}],"predecessor-version":[{"id":159,"href":"https:\/\/nysajt.avantinkasso.se\/en\/wp-json\/wp\/v2\/pages\/3\/revisions\/159"}],"wp:attachment":[{"href":"https:\/\/nysajt.avantinkasso.se\/en\/wp-json\/wp\/v2\/media?parent=3"}],"curies":[{"name":"wp","href":"https:\/\/api.w.org\/{rel}","templated":true}]}}