{"id":72,"date":"2026-03-04T15:13:21","date_gmt":"2026-03-04T15:13:21","guid":{"rendered":"https:\/\/nysajt.avantinkasso.se\/?page_id=72"},"modified":"2026-03-31T11:43:35","modified_gmt":"2026-03-31T11:43:35","slug":"om-oss","status":"publish","type":"page","link":"https:\/\/nysajt.avantinkasso.se\/en\/om-oss\/","title":{"rendered":"Om oss"},"content":{"rendered":"<p>The company was founded in 1994 by the Swedish Furniture Industry Association and was a wholly-owned subsidiary until 1997, when the company became independent. The company since diversified to include a number of industries. Today the company is owned by its staff.<\/p>\n<p>The goal of our business is to use proactive and personal processing to recover claims in the fastest possible way and avoid costly legal action where possible.<\/p>\n<p>Our staff is well-equipped to achieve this goal through considerable experience of recovering claims both in Sweden and abroad. Our knowledge, reinforced by the commitment that a company owned by its staff creates, guarantees dedicated management of your case.<\/p>\n<p><b>With us you don\u2019t get lost in the crowd!<\/b><\/p>\n\n\n<figure class=\"wp-block-image aligncenter size-large is-style-default\"><a href=\"https:\/\/upplysningar.syna.se\/Sigill\/Detail\/402601\"><img decoding=\"async\" src=\"https:\/\/sigill.syna.se\/sigill\/app\/DBSeal.php?cid=402601&amp;sealtype=liggande\" alt=\"Sigillet \u00e4r utf\u00e4rdat av Syna AB www.syna.se\"\/><\/a><\/figure>","protected":false},"excerpt":{"rendered":"<p>F\u00f6retaget startades 1994 av Svenska m\u00f6belindustrif\u00f6rbundet och var ett hel\u00e4gt dotterbolag fram till 1997, d\u00e5 bolaget blev frist\u00e5ende. D\u00e4refter har verksamheten breddats till flera branscher. I dag \u00e4r bolaget personal\u00e4gt. Vi har sedan starten haft som m\u00e5l att vara det sj\u00e4lvklara valet f\u00f6r aktiv individuell hantering av obetalda fordringar, n\u00e4r uteblivna int\u00e4kter helt enkelt inte [&hellip;]<\/p>","protected":false},"author":1,"featured_media":0,"parent":0,"menu_order":0,"comment_status":"closed","ping_status":"closed","template":"page-with-title","meta":{"_monsterinsights_skip_tracking":false,"_monsterinsights_sitenote_active":false,"_monsterinsights_sitenote_note":"","_monsterinsights_sitenote_category":0,"footnotes":""},"class_list":["post-72","page","type-page","status-publish","hentry"],"aioseo_notices":[],"_links":{"self":[{"href":"https:\/\/nysajt.avantinkasso.se\/en\/wp-json\/wp\/v2\/pages\/72","targetHints":{"allow":["GET"]}}],"collection":[{"href":"https:\/\/nysajt.avantinkasso.se\/en\/wp-json\/wp\/v2\/pages"}],"about":[{"href":"https:\/\/nysajt.avantinkasso.se\/en\/wp-json\/wp\/v2\/types\/page"}],"author":[{"embeddable":true,"href":"https:\/\/nysajt.avantinkasso.se\/en\/wp-json\/wp\/v2\/users\/1"}],"replies":[{"embeddable":true,"href":"https:\/\/nysajt.avantinkasso.se\/en\/wp-json\/wp\/v2\/comments?post=72"}],"version-history":[{"count":3,"href":"https:\/\/nysajt.avantinkasso.se\/en\/wp-json\/wp\/v2\/pages\/72\/revisions"}],"predecessor-version":[{"id":157,"href":"https:\/\/nysajt.avantinkasso.se\/en\/wp-json\/wp\/v2\/pages\/72\/revisions\/157"}],"wp:attachment":[{"href":"https:\/\/nysajt.avantinkasso.se\/en\/wp-json\/wp\/v2\/media?parent=72"}],"curies":[{"name":"wp","href":"https:\/\/api.w.org\/{rel}","templated":true}]}}