{"id":76,"date":"2026-03-04T15:13:50","date_gmt":"2026-03-04T15:13:50","guid":{"rendered":"https:\/\/nysajt.avantinkasso.se\/?page_id=76"},"modified":"2026-03-31T12:08:50","modified_gmt":"2026-03-31T12:08:50","slug":"vilka-ar-vara-kunder","status":"publish","type":"page","link":"https:\/\/nysajt.avantinkasso.se\/en\/vilka-ar-vara-kunder\/","title":{"rendered":"Our customers"},"content":{"rendered":"<div class=\"wp-block-group has-global-padding is-layout-constrained wp-block-group-is-layout-constrained\">\n<h2 class=\"wp-block-heading\">V\u00e5ra kunder<\/h2>\n\n\n\n<p id=\"kunder\">Our customers can be found in various industries, among others transportation, restaurants, car dealership, manufacturing and real estate. What unites them is their demand for effective, flexible personal and efficient solutions and services<\/p>\n<\/div>\n\n\n\n<div class=\"wp-block-group alignfull is-style-ext-preset--group--natural-1--section has-background-background-color has-background has-global-padding is-layout-constrained wp-container-core-group-is-layout-e955bbaf wp-block-group-is-layout-constrained is-style-ext-preset--group--natural-1--section--1\" style=\"margin-top:0;margin-bottom:0;padding-top:var(--wp--preset--spacing--70);padding-bottom:var(--wp--preset--spacing--70)\">\n<div class=\"wp-block-columns alignwide is-layout-flex wp-container-core-columns-is-layout-47c06fe3 wp-block-columns-is-layout-flex\">\n<div class=\"wp-block-column ext-animate--on is-layout-flow wp-block-column-is-layout-flow\">\n<div class=\"wp-block-group is-style-ext-preset--group--natural-1--item-card-1--align-start has-global-padding is-layout-constrained wp-block-group-is-layout-constrained is-style-ext-preset--group--natural-1--item-card-1--align-start--2\">\n<div class=\"wp-block-group is-style-default has-global-padding is-layout-constrained wp-block-group-is-layout-constrained\">\n<figure class=\"wp-block-image aligncenter size-full\"><img loading=\"lazy\" decoding=\"async\" width=\"184\" height=\"55\" src=\"https:\/\/nysajt.avantinkasso.se\/wp-content\/uploads\/2026\/03\/bild-4.png\" alt=\"\" class=\"wp-image-84\" srcset=\"https:\/\/nysajt.avantinkasso.se\/wp-content\/uploads\/2026\/03\/bild-4.png 184w, https:\/\/nysajt.avantinkasso.se\/wp-content\/uploads\/2026\/03\/bild-4-18x5.png 18w\" sizes=\"auto, (max-width: 184px) 100vw, 184px\" \/><\/figure>\n\n\n\n<p style=\"margin-top:var(--wp--preset--spacing--30);margin-bottom:24px;font-size:clamp(14px, 0.875rem + ((1vw - 3.2px) * 0.417), 18px);\">We have worked with Avant for over 10 years and they have always helped us reach good results, even in hard cases. Avants' problem-solving, flexibility and commitment contributes to our feeling confident in our partnership with Avant.<\/p>\n\n\n\n<div class=\"wp-block-group is-nowrap is-layout-flex wp-container-core-group-is-layout-e504371c wp-block-group-is-layout-flex\" style=\"padding-top:0;padding-right:0;padding-bottom:0;padding-left:0\">\n<div class=\"wp-block-group has-global-padding is-layout-constrained wp-container-core-group-is-layout-639b5052 wp-block-group-is-layout-constrained\" style=\"padding-top:0;padding-right:0;padding-bottom:0;padding-left:0\">\n<h4 class=\"wp-block-heading has-small-font-size\" style=\"font-style:normal;font-weight:600\">Niklas Ask<\/h4>\n\n\n\n<p class=\"has-small-font-size\" style=\"margin-top:4px;margin-bottom:0\">CEO<br>Restaurangjouren<\/p>\n<\/div>\n<\/div>\n<\/div>\n<\/div>\n<\/div>\n\n\n\n<div class=\"wp-block-column is-layout-flow wp-block-column-is-layout-flow\">\n<div class=\"wp-block-group has-global-padding is-layout-constrained wp-block-group-is-layout-constrained\">\n<div class=\"wp-block-group is-style-ext-preset--group--natural-1--item-card-1--align-start has-global-padding is-layout-constrained wp-block-group-is-layout-constrained is-style-ext-preset--group--natural-1--item-card-1--align-start--3\">\n<div class=\"wp-block-group is-style-default has-global-padding is-layout-constrained wp-block-group-is-layout-constrained\">\n<figure class=\"wp-block-image aligncenter size-full is-resized\"><img loading=\"lazy\" decoding=\"async\" width=\"900\" height=\"900\" src=\"https:\/\/nysajt.avantinkasso.se\/wp-content\/uploads\/2026\/03\/bild-2.png\" alt=\"\" class=\"wp-image-81\" style=\"width:58px;height:auto\" srcset=\"https:\/\/nysajt.avantinkasso.se\/wp-content\/uploads\/2026\/03\/bild-2.png 900w, https:\/\/nysajt.avantinkasso.se\/wp-content\/uploads\/2026\/03\/bild-2-300x300.png 300w, https:\/\/nysajt.avantinkasso.se\/wp-content\/uploads\/2026\/03\/bild-2-150x150.png 150w, https:\/\/nysajt.avantinkasso.se\/wp-content\/uploads\/2026\/03\/bild-2-768x768.png 768w, https:\/\/nysajt.avantinkasso.se\/wp-content\/uploads\/2026\/03\/bild-2-12x12.png 12w\" sizes=\"auto, (max-width: 900px) 100vw, 900px\" \/><\/figure>\n\n\n\n<p style=\"margin-top:var(--wp--preset--spacing--30);margin-bottom:24px;font-size:clamp(14px, 0.875rem + ((1vw - 3.2px) * 0.417), 18px);\">Fast processing and flexible methods is the reasons why we choose Avant as our partner in debt collection<\/p>\n\n\n\n<div class=\"wp-block-group is-nowrap is-layout-flex wp-container-core-group-is-layout-e504371c wp-block-group-is-layout-flex\" style=\"padding-top:0;padding-right:0;padding-bottom:0;padding-left:0\">\n<div class=\"wp-block-group has-global-padding is-layout-constrained wp-container-core-group-is-layout-639b5052 wp-block-group-is-layout-constrained\" style=\"padding-top:0;padding-right:0;padding-bottom:0;padding-left:0\">\n<h4 class=\"wp-block-heading has-small-font-size\" style=\"font-style:normal;font-weight:600\">Chris Vilkancis<\/h4>\n\n\n\n<p class=\"has-small-font-size\" style=\"margin-top:4px;margin-bottom:0\">Financial Manager<br>Svanstr\u00f6ms El &amp; VVS<\/p>\n<\/div>\n<\/div>\n<\/div>\n<\/div>\n<\/div>\n<\/div>\n\n\n\n<div class=\"wp-block-column is-layout-flow wp-block-column-is-layout-flow\">\n<div class=\"wp-block-group has-global-padding is-layout-constrained wp-block-group-is-layout-constrained\">\n<div class=\"wp-block-group is-style-ext-preset--group--natural-1--item-card-1--align-start has-global-padding is-layout-constrained wp-block-group-is-layout-constrained is-style-ext-preset--group--natural-1--item-card-1--align-start--4\">\n<div class=\"wp-block-group is-style-default has-global-padding is-layout-constrained wp-block-group-is-layout-constrained\">\n<figure class=\"wp-block-image size-full\"><img loading=\"lazy\" decoding=\"async\" width=\"250\" height=\"45\" src=\"https:\/\/nysajt.avantinkasso.se\/wp-content\/uploads\/2026\/03\/bild-8.png\" alt=\"\" class=\"wp-image-169\" srcset=\"https:\/\/nysajt.avantinkasso.se\/wp-content\/uploads\/2026\/03\/bild-8.png 250w, https:\/\/nysajt.avantinkasso.se\/wp-content\/uploads\/2026\/03\/bild-8-18x3.png 18w\" sizes=\"auto, (max-width: 250px) 100vw, 250px\" \/><\/figure>\n\n\n\n<p style=\"margin-top:var(--wp--preset--spacing--30);margin-bottom:24px;font-size:clamp(14px, 0.875rem + ((1vw - 3.2px) * 0.417), 18px);\">Avant hanterar v\u00e5ra \u00e4renden effektivt och professionellt<\/p>\n\n\n\n<div class=\"wp-block-group is-nowrap is-layout-flex wp-container-core-group-is-layout-e504371c wp-block-group-is-layout-flex\" style=\"padding-top:0;padding-right:0;padding-bottom:0;padding-left:0\">\n<div class=\"wp-block-group has-global-padding is-layout-constrained wp-container-core-group-is-layout-639b5052 wp-block-group-is-layout-constrained\" style=\"padding-top:0;padding-right:0;padding-bottom:0;padding-left:0\">\n<h4 class=\"wp-block-heading has-small-font-size\" style=\"font-style:normal;font-weight:600\">Markus Qvarnstr\u00f6m<\/h4>\n\n\n\n<p class=\"has-small-font-size\" style=\"margin-top:4px;margin-bottom:0\">CEO<br>KABE RENTAL AB <\/p>\n<\/div>\n<\/div>\n<\/div>\n<\/div>\n<\/div>\n<\/div>\n\n\n\n<div class=\"wp-block-column ext-animate--on is-layout-flow wp-block-column-is-layout-flow\">\n<div class=\"wp-block-columns is-layout-flex wp-container-core-columns-is-layout-28f84493 wp-block-columns-is-layout-flex\">\n<div class=\"wp-block-column is-layout-flow wp-block-column-is-layout-flow\" style=\"flex-basis:100%\">\n<div class=\"wp-block-group has-global-padding is-layout-constrained wp-block-group-is-layout-constrained\">\n<div class=\"wp-block-group is-style-ext-preset--group--natural-1--item-card-1--align-start has-global-padding is-layout-constrained wp-block-group-is-layout-constrained is-style-ext-preset--group--natural-1--item-card-1--align-start--5\">\n<div class=\"wp-block-group has-global-padding is-layout-constrained wp-block-group-is-layout-constrained\">\n<div class=\"wp-block-group is-style-default has-global-padding is-layout-constrained wp-block-group-is-layout-constrained\">\n<figure class=\"wp-block-image size-full\"><img loading=\"lazy\" decoding=\"async\" width=\"248\" height=\"63\" src=\"https:\/\/nysajt.avantinkasso.se\/wp-content\/uploads\/2026\/03\/bild-3.png\" alt=\"\" class=\"wp-image-82\" srcset=\"https:\/\/nysajt.avantinkasso.se\/wp-content\/uploads\/2026\/03\/bild-3.png 248w, https:\/\/nysajt.avantinkasso.se\/wp-content\/uploads\/2026\/03\/bild-3-18x5.png 18w\" sizes=\"auto, (max-width: 248px) 100vw, 248px\" \/><\/figure>\n\n\n\n<p style=\"margin-top:var(--wp--preset--spacing--30);margin-bottom:24px;font-size:clamp(14px, 0.875rem + ((1vw - 3.2px) * 0.417), 18px);\">Working with Avant is easy, we can now focus on or job.<\/p>\n\n\n\n<div class=\"wp-block-group is-nowrap is-layout-flex wp-container-core-group-is-layout-e504371c wp-block-group-is-layout-flex\" style=\"padding-top:0;padding-right:0;padding-bottom:0;padding-left:0\">\n<div class=\"wp-block-group has-global-padding is-layout-constrained wp-container-core-group-is-layout-639b5052 wp-block-group-is-layout-constrained\" style=\"padding-top:0;padding-right:0;padding-bottom:0;padding-left:0\">\n<h4 class=\"wp-block-heading has-small-font-size\" style=\"font-style:normal;font-weight:600\">Dick Tilander<\/h4>\n\n\n\n<p class=\"has-small-font-size\" style=\"margin-top:4px;margin-bottom:0\">Boulder Maskin<\/p>\n<\/div>\n<\/div>\n<\/div>\n<\/div>\n<\/div>\n<\/div>\n<\/div>\n<\/div>\n<\/div>\n<\/div>\n<\/div>","protected":false},"excerpt":{"rendered":"<p>V\u00e5ra kunder Bland v\u00e5ra kunder finns m\u00e5nga branscher representerade, d\u00e4ribland transport, restaurang, bilf\u00f6rs\u00e4ljning, verkstad och fastighetsbolag. Gemensamt f\u00f6r v\u00e5ra kunder \u00e4r att de efterfr\u00e5gar effektiva, flexibla, personliga samt inte minst kostnadseffektiva l\u00f6sningar och tj\u00e4nster.<\/p>","protected":false},"author":1,"featured_media":0,"parent":0,"menu_order":0,"comment_status":"closed","ping_status":"closed","template":"","meta":{"_monsterinsights_skip_tracking":false,"_monsterinsights_sitenote_active":false,"_monsterinsights_sitenote_note":"","_monsterinsights_sitenote_category":0,"footnotes":""},"class_list":["post-76","page","type-page","status-publish","hentry"],"aioseo_notices":[],"_links":{"self":[{"href":"https:\/\/nysajt.avantinkasso.se\/en\/wp-json\/wp\/v2\/pages\/76","targetHints":{"allow":["GET"]}}],"collection":[{"href":"https:\/\/nysajt.avantinkasso.se\/en\/wp-json\/wp\/v2\/pages"}],"about":[{"href":"https:\/\/nysajt.avantinkasso.se\/en\/wp-json\/wp\/v2\/types\/page"}],"author":[{"embeddable":true,"href":"https:\/\/nysajt.avantinkasso.se\/en\/wp-json\/wp\/v2\/users\/1"}],"replies":[{"embeddable":true,"href":"https:\/\/nysajt.avantinkasso.se\/en\/wp-json\/wp\/v2\/comments?post=76"}],"version-history":[{"count":4,"href":"https:\/\/nysajt.avantinkasso.se\/en\/wp-json\/wp\/v2\/pages\/76\/revisions"}],"predecessor-version":[{"id":166,"href":"https:\/\/nysajt.avantinkasso.se\/en\/wp-json\/wp\/v2\/pages\/76\/revisions\/166"}],"wp:attachment":[{"href":"https:\/\/nysajt.avantinkasso.se\/en\/wp-json\/wp\/v2\/media?parent=76"}],"curies":[{"name":"wp","href":"https:\/\/api.w.org\/{rel}","templated":true}]}}