{"id":86,"date":"2026-03-04T15:13:32","date_gmt":"2026-03-04T15:13:32","guid":{"rendered":"https:\/\/nysajt.avantinkasso.se\/?page_id=86"},"modified":"2026-03-04T15:13:32","modified_gmt":"2026-03-04T15:13:32","slug":"vad-kostar-det","status":"publish","type":"page","link":"https:\/\/nysajt.avantinkasso.se\/en\/vad-kostar-det\/","title":{"rendered":"What does it cost?"},"content":{"rendered":"<p>With Avant Inkasso you don\u2019t pay any subscription fees<\/p>\n\n\n\n<p>You never need to feel that you are paying for more than you use and you do not need to keep track of contract periods or need to feel bound to them. You only pay for the debt collection case you hire us for.<\/p>\n\n\n\n<p>With Avant Inkasso you pay according to results. If the recovery case fails to achieve any results you will only be charged a start-up fee and any expenses we agree upon.<\/p>","protected":false},"excerpt":{"rendered":"<p>Hos Avant Inkasso betalar du ingen abonnemangsavgift Du beh\u00f6ver aldrig k\u00e4nna att du betalar f\u00f6r mer \u00e4n du utnyttjar och du slipper h\u00e5lla reda p\u00e2 avtalstider och beh\u00f6ver inte k\u00e4nna dig bunden av dem. Du betalar n\u00e4mligen bara f\u00f6r de \u00ecnkasso\u00e4renden du anlitar oss f\u00f6r. Hos Avant Inkasso betalar du efter resultat. Om \u00ecnkasso\u00e4rendet blir [&hellip;]<\/p>","protected":false},"author":1,"featured_media":0,"parent":0,"menu_order":0,"comment_status":"closed","ping_status":"closed","template":"page-with-title","meta":{"_monsterinsights_skip_tracking":false,"_monsterinsights_sitenote_active":false,"_monsterinsights_sitenote_note":"","_monsterinsights_sitenote_category":0,"footnotes":""},"class_list":["post-86","page","type-page","status-publish","hentry"],"aioseo_notices":[],"_links":{"self":[{"href":"https:\/\/nysajt.avantinkasso.se\/en\/wp-json\/wp\/v2\/pages\/86","targetHints":{"allow":["GET"]}}],"collection":[{"href":"https:\/\/nysajt.avantinkasso.se\/en\/wp-json\/wp\/v2\/pages"}],"about":[{"href":"https:\/\/nysajt.avantinkasso.se\/en\/wp-json\/wp\/v2\/types\/page"}],"author":[{"embeddable":true,"href":"https:\/\/nysajt.avantinkasso.se\/en\/wp-json\/wp\/v2\/users\/1"}],"replies":[{"embeddable":true,"href":"https:\/\/nysajt.avantinkasso.se\/en\/wp-json\/wp\/v2\/comments?post=86"}],"version-history":[{"count":1,"href":"https:\/\/nysajt.avantinkasso.se\/en\/wp-json\/wp\/v2\/pages\/86\/revisions"}],"predecessor-version":[{"id":87,"href":"https:\/\/nysajt.avantinkasso.se\/en\/wp-json\/wp\/v2\/pages\/86\/revisions\/87"}],"wp:attachment":[{"href":"https:\/\/nysajt.avantinkasso.se\/en\/wp-json\/wp\/v2\/media?parent=86"}],"curies":[{"name":"wp","href":"https:\/\/api.w.org\/{rel}","templated":true}]}}